{"id":26043,"date":"2018-11-20T16:25:49","date_gmt":"2018-11-20T13:25:49","guid":{"rendered":"http:\/\/www.nutramerica.ca\/about-us\/"},"modified":"2021-11-26T14:36:56","modified_gmt":"2021-11-26T14:36:56","slug":"a-propos-de-nous","status":"publish","type":"page","link":"https:\/\/www.nutramerica.ca\/fr\/a-propos-de-nous\/","title":{"rendered":"\u00c0 propos de nous"},"content":{"rendered":"\t\t<div data-elementor-type=\"wp-page\" data-elementor-id=\"26043\" class=\"elementor elementor-26043 elementor-24228\">\n\t\t\t\t\t\t<div class=\"elementor-inner\">\n\t\t\t\t<div class=\"elementor-section-wrap\">\n\t\t\t\t\t\t\t\t\t<section class=\"elementor-section elementor-top-section elementor-element elementor-element-6a721d8 elementor-section-full_width elementor-reverse-tablet elementor-reverse-mobile elementor-section-height-default elementor-section-height-default\" data-id=\"6a721d8\" data-element_type=\"section\">\n\t\t\t\t\t\t<div class=\"elementor-container elementor-column-gap-no\">\n\t\t\t\t\t\t\t<div class=\"elementor-row\">\n\t\t\t\t\t<div class=\"elementor-column elementor-col-100 elementor-top-column elementor-element elementor-element-b119b66 animated-slow\" data-id=\"b119b66\" data-element_type=\"column\" data-settings=\"{&quot;animation&quot;:&quot;none&quot;,&quot;animation_delay&quot;:300}\">\n\t\t\t<div class=\"elementor-column-wrap elementor-element-populated\">\n\t\t\t\t\t\t\t<div class=\"elementor-widget-wrap\">\n\t\t\t\t\t\t<div class=\"elementor-element elementor-element-90375d5 flex-horizontal-align-default flex-horizontal-align-tablet-default flex-horizontal-align-mobile-default flex-vertical-align-default flex-vertical-align-tablet-default flex-vertical-align-mobile-default elementor-widget elementor-widget-heading\" data-id=\"90375d5\" data-element_type=\"widget\" data-widget_type=\"heading.default\">\n\t\t\t\t<div class=\"elementor-widget-container\">\n\t\t\t<style>\/*! elementor - v3.14.0 - 26-06-2023 *\/\n.elementor-heading-title{padding:0;margin:0;line-height:1}.elementor-widget-heading .elementor-heading-title[class*=elementor-size-]>a{color:inherit;font-size:inherit;line-height:inherit}.elementor-widget-heading .elementor-heading-title.elementor-size-small{font-size:15px}.elementor-widget-heading .elementor-heading-title.elementor-size-medium{font-size:19px}.elementor-widget-heading .elementor-heading-title.elementor-size-large{font-size:29px}.elementor-widget-heading .elementor-heading-title.elementor-size-xl{font-size:39px}.elementor-widget-heading .elementor-heading-title.elementor-size-xxl{font-size:59px}<\/style><div class=\"title-h4 light elementor-heading-title elementor-size-default\">Nutramerica<\/div>\t\t<\/div>\n\t\t\t\t<\/div>\n\t\t\t\t<div class=\"elementor-element elementor-element-aaaf846 flex-horizontal-align-default flex-horizontal-align-tablet-default flex-horizontal-align-mobile-default flex-vertical-align-default flex-vertical-align-tablet-default flex-vertical-align-mobile-default elementor-widget elementor-widget-heading\" data-id=\"aaaf846\" data-element_type=\"widget\" data-widget_type=\"heading.default\">\n\t\t\t\t<div class=\"elementor-widget-container\">\n\t\t\t<div class=\"title-h2 elementor-heading-title elementor-size-default\">NOTRE HISTOIRE<\/div>\t\t<\/div>\n\t\t\t\t<\/div>\n\t\t\t\t<div class=\"elementor-element elementor-element-ef4ffe9 flex-horizontal-align-default flex-horizontal-align-tablet-default flex-horizontal-align-mobile-default flex-vertical-align-default flex-vertical-align-tablet-default flex-vertical-align-mobile-default elementor-widget elementor-widget-text-editor\" data-id=\"ef4ffe9\" data-element_type=\"widget\" data-widget_type=\"text-editor.default\">\n\t\t\t\t<div class=\"elementor-widget-container\">\n\t\t\t<style>\/*! elementor - v3.14.0 - 26-06-2023 *\/\n.elementor-widget-text-editor.elementor-drop-cap-view-stacked .elementor-drop-cap{background-color:#69727d;color:#fff}.elementor-widget-text-editor.elementor-drop-cap-view-framed .elementor-drop-cap{color:#69727d;border:3px solid;background-color:transparent}.elementor-widget-text-editor:not(.elementor-drop-cap-view-default) .elementor-drop-cap{margin-top:8px}.elementor-widget-text-editor:not(.elementor-drop-cap-view-default) .elementor-drop-cap-letter{width:1em;height:1em}.elementor-widget-text-editor .elementor-drop-cap{float:left;text-align:center;line-height:1;font-size:50px}.elementor-widget-text-editor .elementor-drop-cap-letter{display:inline-block}<\/style>\t\t\t\t\t<div class=\"elementor-text-editor elementor-clearfix\">\n\t\t\t\t<p style=\"text-align: center;\">Nutramerica a \u00e9t\u00e9 fond\u00e9e en 1991 dans le but de fournir des solutions personnalis\u00e9es \u00e0 l\u2019industrie du Service alimentaire<br \/>au Canada. \u00a0En 2006, afin de mieux desservir les \u00e9tablissements de soins de sant\u00e9 Canadiens,<br \/>nous avons lanc\u00e9 la gamme de produits Dinex. \u00a0Situ\u00e9e \u00e0 Dorval et int\u00e9grant un entrep\u00f4t de distribution<br \/>\u00e0 la fine pointe de la technologie, l\u2019entreprise offre une expertise en vente et un service \u00e0 la client\u00e8le sans compromis.<\/p><p style=\"text-align: center;\">En 2015, Nutramerica a fusionn\u00e9 avec sa soci\u00e9t\u00e9 s\u0153ur Prime Focus Endoscopy <br \/>(une soci\u00e9t\u00e9 de r\u00e9paration compl\u00e8te d\u2019endoscopes avec une gamme de produits et services li\u00e9s \u00e0 l\u2019endoscopie) <br \/>pour former CDR Global Solutions Inc.<\/p>\t\t\t\t\t<\/div>\n\t\t\t\t\t\t<\/div>\n\t\t\t\t<\/div>\n\t\t\t\t\t\t<\/div>\n\t\t\t\t\t<\/div>\n\t\t<\/div>\n\t\t\t\t\t\t\t\t<\/div>\n\t\t\t\t\t<\/div>\n\t\t<\/section>\n\t\t\t\t\t\t\t\t\t<\/div>\n\t\t\t<\/div>\n\t\t\t\t\t<\/div>\n\t\t","protected":false},"excerpt":{"rendered":"<p>Nutramerica NOTRE HISTOIRE Nutramerica a \u00e9t\u00e9 fond\u00e9e en 1991 dans le but de fournir des solutions personnalis\u00e9es \u00e0 l\u2019industrie du&#8230;<\/p>\n","protected":false},"author":1,"featured_media":0,"parent":0,"menu_order":2,"comment_status":"closed","ping_status":"closed","template":"page-fullwidth.php","meta":[],"_links":{"self":[{"href":"https:\/\/www.nutramerica.ca\/fr\/wp-json\/wp\/v2\/pages\/26043"}],"collection":[{"href":"https:\/\/www.nutramerica.ca\/fr\/wp-json\/wp\/v2\/pages"}],"about":[{"href":"https:\/\/www.nutramerica.ca\/fr\/wp-json\/wp\/v2\/types\/page"}],"author":[{"embeddable":true,"href":"https:\/\/www.nutramerica.ca\/fr\/wp-json\/wp\/v2\/users\/1"}],"replies":[{"embeddable":true,"href":"https:\/\/www.nutramerica.ca\/fr\/wp-json\/wp\/v2\/comments?post=26043"}],"version-history":[{"count":15,"href":"https:\/\/www.nutramerica.ca\/fr\/wp-json\/wp\/v2\/pages\/26043\/revisions"}],"predecessor-version":[{"id":26222,"href":"https:\/\/www.nutramerica.ca\/fr\/wp-json\/wp\/v2\/pages\/26043\/revisions\/26222"}],"wp:attachment":[{"href":"https:\/\/www.nutramerica.ca\/fr\/wp-json\/wp\/v2\/media?parent=26043"}],"curies":[{"name":"wp","href":"https:\/\/api.w.org\/{rel}","templated":true}]}}